{"id":4733,"date":"2021-10-01T11:46:57","date_gmt":"2021-10-01T09:46:57","guid":{"rendered":"https:\/\/www.2clefs.com\/?page_id=4733"},"modified":"2021-10-01T11:55:32","modified_gmt":"2021-10-01T09:55:32","slug":"entspannung","status":"publish","type":"page","link":"https:\/\/www.2clefs.com\/de\/entspannung\/","title":{"rendered":"Entspannung"},"content":{"rendered":"<p><div class=\"fusion-fullwidth fullwidth-box fusion-builder-row-1 fusion-flex-container hundred-percent-fullwidth non-hundred-percent-height-scrolling fusion-no-small-visibility\" style=\"--awb-border-radius-top-left:0px;--awb-border-radius-top-right:0px;--awb-border-radius-bottom-right:0px;--awb-border-radius-bottom-left:0px;--awb-padding-top:10px;--awb-padding-bottom:10px;--awb-background-color:#000000;\" ><div class=\"fusion-builder-row fusion-row fusion-flex-align-items-flex-start\" style=\"width:104% !important;max-width:104% !important;margin-left: calc(-4% \/ 2 );margin-right: calc(-4% \/ 2 );\"><div class=\"fusion-layout-column fusion_builder_column fusion-builder-column-0 fusion_builder_column_1_1 1_1 fusion-flex-column\" style=\"--awb-bg-size:cover;--awb-width-large:100%;--awb-spacing-right-large:1.92%;--awb-margin-bottom-large:0px;--awb-spacing-left-large:1.92%;--awb-width-medium:100%;--awb-order-medium:0;--awb-spacing-right-medium:1.92%;--awb-spacing-left-medium:1.92%;--awb-width-small:100%;--awb-order-small:0;--awb-spacing-right-small:1.92%;--awb-spacing-left-small:1.92%;\"><div class=\"fusion-column-wrapper fusion-column-has-shadow fusion-flex-justify-content-flex-start fusion-content-layout-column\"><div class=\"fusion-breadcrumbs awb-yoast-breadcrumbs fusion-breadcrumbs-1\" style=\"--awb-alignment:center;--awb-font-size:13px;--awb-text-color:#ffffff;text-align:center;\"><span><span><a href=\"https:\/\/www.2clefs.com\/de\/\">Willkommen<\/a><\/span><\/span><\/div><\/div><\/div><\/div><\/div><div class=\"fusion-fullwidth fullwidth-box fusion-builder-row-2 fusion-flex-container nonhundred-percent-fullwidth non-hundred-percent-height-scrolling\" style=\"--link_hover_color: #ad272b;--link_color: #000000;--awb-border-radius-top-left:0px;--awb-border-radius-top-right:0px;--awb-border-radius-bottom-right:0px;--awb-border-radius-bottom-left:0px;--awb-padding-top:46px;\" ><div class=\"fusion-builder-row fusion-row fusion-flex-align-items-flex-start\" style=\"max-width:1216.8px;margin-left: calc(-4% \/ 2 );margin-right: calc(-4% \/ 2 );\"><div class=\"fusion-layout-column fusion_builder_column fusion-builder-column-1 fusion_builder_column_1_1 1_1 fusion-flex-column\" style=\"--awb-bg-size:cover;--awb-width-large:100%;--awb-spacing-right-large:1.92%;--awb-spacing-left-large:1.92%;--awb-width-medium:100%;--awb-order-medium:0;--awb-spacing-right-medium:1.92%;--awb-spacing-left-medium:1.92%;--awb-width-small:100%;--awb-order-small:0;--awb-spacing-right-small:1.92%;--awb-spacing-left-small:1.92%;\"><div class=\"fusion-column-wrapper fusion-column-has-shadow fusion-flex-justify-content-flex-start fusion-content-layout-column\"><div class=\"fusion-title title fusion-title-1 fusion-sep-none fusion-title-center fusion-title-text fusion-title-size-one\"><h1 class=\"title-heading-center fusion-responsive-typography-calculated\" style=\"margin:0;--fontSize:27;line-height:1.11;\">DIE BEREICHE ZUR ENTSPANNUNG IM HOTEL DES DEUX CLEFS<\/h1><\/div><div class=\"fusion-separator\" style=\"align-self: center;margin-left: auto;margin-right: auto;margin-bottom:30px;width:100%;max-width:5%;\"><div class=\"fusion-separator-border sep-single sep-solid\" style=\"border-color:#ad272b;border-top-width:1px;\"><\/div><\/div><div class=\"fusion-text fusion-text-1\" style=\"--awb-font-size:15px;--awb-line-height:24px;--awb-letter-spacing:0px;--awb-text-color:#000000;--awb-text-font-family:&quot;Alice&quot;;--awb-text-font-style:normal;--awb-text-font-weight:400;\"><p style=\"text-align: center;\">Das Hotel des Deux Clefs bietet Ihnen Lounges mit gro\u00dfen und bequemen Sesseln \u2013 genau das Richtige, um die Zeitung zu lesen, eine Partie Schach zu spielen oder sich einfach nur auszuruhen. Hier k\u00f6nnen Sie sich in einer gem\u00fctlichen Atmosph\u00e4re entspannen.<\/p>\n<\/div><\/div><\/div><\/div><\/div><div class=\"fusion-fullwidth fullwidth-box fusion-builder-row-3 fusion-flex-container hundred-percent-fullwidth non-hundred-percent-height-scrolling\" style=\"--link_hover_color: #ad272b;--link_color: #000000;--awb-border-radius-top-left:0px;--awb-border-radius-top-right:0px;--awb-border-radius-bottom-right:0px;--awb-border-radius-bottom-left:0px;--awb-padding-top:0px;--awb-padding-right:18px;--awb-padding-bottom:0px;--awb-padding-left:5px;--awb-background-color:#f4f2f2;\" ><div class=\"fusion-builder-row fusion-row fusion-flex-align-items-stretch fusion-flex-justify-content-space-evenly\" style=\"width:104% !important;max-width:104% !important;margin-left: calc(-4% \/ 2 );margin-right: calc(-4% \/ 2 );\"><div class=\"fusion-layout-column fusion_builder_column fusion-builder-column-2 fusion_builder_column_2_5 2_5 fusion-flex-column fusion-flex-align-self-stretch fusion-animated\" style=\"--awb-padding-top:17%;--awb-padding-right:17%;--awb-padding-bottom:17%;--awb-padding-left:17%;--awb-padding-top-medium:35px;--awb-padding-right-medium:30px;--awb-padding-bottom-medium:35px;--awb-padding-left-medium:30px;--awb-padding-top-small:35px;--awb-padding-right-small:30px;--awb-padding-bottom-small:35px;--awb-padding-left-small:30px;--awb-bg-size:cover;--awb-width-large:40%;--awb-spacing-right-large:0%;--awb-margin-bottom-large:0px;--awb-spacing-left-large:4.8%;--awb-width-medium:100%;--awb-order-medium:1;--awb-spacing-right-medium:1.92%;--awb-spacing-left-medium:1.92%;--awb-width-small:100%;--awb-order-small:1;--awb-spacing-right-small:1.92%;--awb-spacing-left-small:1.92%;\" data-animationType=\"fadeInLeft\" data-animationDuration=\"1.6\" data-animationOffset=\"top-into-view\"><div class=\"fusion-column-wrapper fusion-column-has-shadow fusion-flex-justify-content-center fusion-content-layout-column\"><div class=\"fusion-title title fusion-title-2 fusion-sep-none fusion-title-text fusion-title-size-two\" style=\"--awb-text-color:#ad272b;\"><h2 class=\"title-heading-left fusion-responsive-typography-calculated\" style=\"margin:0;--fontSize:44;line-height:0.91;\">Die Lounges<\/h2><\/div><div class=\"fusion-text fusion-text-2\"><p>Zu jeder Tageszeit k\u00f6nnen Sie sich in einer der Hotellounges entspannen.<\/p>\n<\/div><div class=\"fusion-separator fusion-full-width-sep\" style=\"align-self: center;margin-left: auto;margin-right: auto;margin-top:30px;width:100%;\"><\/div><div style=\"text-align:right;\"><a class=\"fusion-button button-flat fusion-button-default-size button-custom fusion-button-default button-1 fusion-button-default-span fusion-button-default-type\" style=\"--button_accent_color:#ffffff;--button_accent_hover_color:#ad272b;--button_border_hover_color:#ad272b;--button_gradient_top_color:#ad272b;--button_gradient_bottom_color:#ad272b;--button_gradient_top_color_hover:#ffffff;--button_gradient_bottom_color_hover:#ffffff;\" target=\"_self\" href=\"https:\/\/www.2clefs.com\/sejour-detente-en-alsace\/les-salons\/\"><i class=\"fa-angle-right fas button-icon-left\" aria-hidden=\"true\"><\/i><span class=\"fusion-button-text\">Entdecken<\/span><\/a><\/div><\/div><\/div><div class=\"fusion-layout-column fusion_builder_column fusion-builder-column-3 fusion_builder_column_3_5 3_5 fusion-flex-column fusion-flex-align-self-stretch fusion-animated\" style=\"--awb-padding-right:40px;--awb-padding-left:40px;--awb-bg-size:cover;--awb-width-large:60%;--awb-spacing-right-large:3.2%;--awb-margin-bottom-large:0px;--awb-spacing-left-large:0%;--awb-width-medium:100%;--awb-order-medium:0;--awb-spacing-right-medium:1.92%;--awb-spacing-left-medium:1.92%;--awb-width-small:100%;--awb-order-small:0;--awb-spacing-right-small:1.92%;--awb-spacing-left-small:1.92%;\" data-animationType=\"fadeInRight\" data-animationDuration=\"1.6\" data-animationOffset=\"top-into-view\"><div class=\"fusion-column-wrapper lazyload fusion-column-has-shadow fusion-flex-justify-content-center fusion-content-layout-column fusion-empty-column-bg-image\" data-bg-url=\"https:\/\/www.2clefs.com\/wp-content\/uploads\/2021\/09\/Deux-Clefs-2018-S-035-1.jpg\" data-bg=\"https:\/\/www.2clefs.com\/wp-content\/uploads\/2021\/09\/Deux-Clefs-2018-S-035-1.jpg\"><img class=\"fusion-empty-dims-img-placeholder fusion-no-large-visibility\" src=\"data:image\/svg+xml,%3Csvg%20xmlns%3D%27http%3A%2F%2Fwww.w3.org%2F2000%2Fsvg%27%20width%3D%272000%27%20height%3D%271334%27%20viewBox%3D%270%200%202000%201334%27%3E%3Crect%20width%3D%272000%27%20height%3D%271334%27%20fill-opacity%3D%220%22%2F%3E%3C%2Fsvg%3E\"><\/div><\/div><\/div><\/div><div class=\"fusion-fullwidth fullwidth-box fusion-builder-row-4 fusion-flex-container hundred-percent-fullwidth non-hundred-percent-height-scrolling\" style=\"--link_hover_color: #ad272b;--link_color: #000000;--awb-border-radius-top-left:0px;--awb-border-radius-top-right:0px;--awb-border-radius-bottom-right:0px;--awb-border-radius-bottom-left:0px;--awb-padding-top:0px;--awb-padding-right:18px;--awb-padding-bottom:0px;--awb-padding-left:18px;--awb-margin-top:20px;--awb-background-color:#f4f2f2;\" ><div class=\"fusion-builder-row fusion-row fusion-flex-align-items-stretch fusion-flex-justify-content-space-evenly\" style=\"width:104% !important;max-width:104% !important;margin-left: calc(-4% \/ 2 );margin-right: calc(-4% \/ 2 );\"><div class=\"fusion-layout-column fusion_builder_column fusion-builder-column-4 fusion_builder_column_3_5 3_5 fusion-flex-column fusion-flex-align-self-stretch fusion-animated\" style=\"--awb-padding-right:40px;--awb-padding-left:40px;--awb-bg-size:cover;--awb-width-large:60%;--awb-spacing-right-large:3.2%;--awb-margin-bottom-large:0px;--awb-spacing-left-large:0%;--awb-width-medium:100%;--awb-order-medium:0;--awb-spacing-right-medium:1.92%;--awb-spacing-left-medium:1.92%;--awb-width-small:100%;--awb-order-small:0;--awb-spacing-right-small:1.92%;--awb-spacing-left-small:1.92%;\" data-animationType=\"fadeInRight\" data-animationDuration=\"1.6\" data-animationOffset=\"top-into-view\"><div class=\"fusion-column-wrapper lazyload fusion-column-has-shadow fusion-flex-justify-content-center fusion-content-layout-column fusion-empty-column-bg-image\" data-bg-url=\"https:\/\/www.2clefs.com\/wp-content\/uploads\/2021\/09\/Deux-Clefs-2018-S-106.jpg\" data-bg=\"https:\/\/www.2clefs.com\/wp-content\/uploads\/2021\/09\/Deux-Clefs-2018-S-106.jpg\"><img class=\"fusion-empty-dims-img-placeholder fusion-no-large-visibility\" src=\"data:image\/svg+xml,%3Csvg%20xmlns%3D%27http%3A%2F%2Fwww.w3.org%2F2000%2Fsvg%27%20width%3D%272000%27%20height%3D%271334%27%20viewBox%3D%270%200%202000%201334%27%3E%3Crect%20width%3D%272000%27%20height%3D%271334%27%20fill-opacity%3D%220%22%2F%3E%3C%2Fsvg%3E\"><\/div><\/div><div class=\"fusion-layout-column fusion_builder_column fusion-builder-column-5 fusion_builder_column_2_5 2_5 fusion-flex-column fusion-flex-align-self-stretch fusion-animated\" style=\"--awb-padding-top:17%;--awb-padding-right:17%;--awb-padding-bottom:17%;--awb-padding-left:17%;--awb-padding-top-medium:35px;--awb-padding-right-medium:30px;--awb-padding-bottom-medium:35px;--awb-padding-left-medium:30px;--awb-padding-top-small:35px;--awb-padding-right-small:30px;--awb-padding-bottom-small:35px;--awb-padding-left-small:30px;--awb-bg-size:cover;--awb-width-large:40%;--awb-spacing-right-large:0%;--awb-margin-bottom-large:0px;--awb-spacing-left-large:4.8%;--awb-width-medium:100%;--awb-order-medium:1;--awb-spacing-right-medium:1.92%;--awb-spacing-left-medium:1.92%;--awb-width-small:100%;--awb-order-small:1;--awb-spacing-right-small:1.92%;--awb-spacing-left-small:1.92%;\" data-animationType=\"fadeInLeft\" data-animationDuration=\"1.6\" data-animationOffset=\"top-into-view\"><div class=\"fusion-column-wrapper fusion-column-has-shadow fusion-flex-justify-content-center fusion-content-layout-column\"><div class=\"fusion-title title fusion-title-3 fusion-sep-none fusion-title-text fusion-title-size-two\" style=\"--awb-text-color:#ad272b;\"><h2 class=\"title-heading-left fusion-responsive-typography-calculated\" style=\"margin:0;--fontSize:44;line-height:0.91;\">Unsere Terrasse<\/h2><\/div><div class=\"fusion-text fusion-text-3\"><p>Nutzen Sie unsere Terrasse, um etwas zu trinken oder einfach nur, um sich zu entspannen und auszuruhen.<\/p>\n<\/div><div class=\"fusion-separator fusion-full-width-sep\" style=\"align-self: center;margin-left: auto;margin-right: auto;margin-top:30px;width:100%;\"><\/div><div style=\"text-align:right;\"><a class=\"fusion-button button-flat fusion-button-default-size button-custom fusion-button-default button-2 fusion-button-default-span fusion-button-default-type\" style=\"--button_accent_color:#ffffff;--button_accent_hover_color:#ad272b;--button_border_hover_color:#ad272b;--button_gradient_top_color:#ad272b;--button_gradient_bottom_color:#ad272b;--button_gradient_top_color_hover:#ffffff;--button_gradient_bottom_color_hover:#ffffff;\" target=\"_self\" href=\"https:\/\/www.2clefs.com\/sejour-detente-en-alsace\/notre-terrasse\/\"><i class=\"fa-angle-right fas button-icon-left\" aria-hidden=\"true\"><\/i><span class=\"fusion-button-text\">Entdecken<\/span><\/a><\/div><\/div><\/div><\/div><\/div><\/p>\n","protected":false},"excerpt":{"rendered":"","protected":false},"author":1,"featured_media":0,"parent":0,"menu_order":0,"comment_status":"closed","ping_status":"closed","template":"100-width.php","meta":[],"yoast_head":"<!-- This site is optimized with the Yoast SEO plugin v21.1 - https:\/\/yoast.com\/wordpress\/plugins\/seo\/ -->\n<title>Entspannung &raquo; H\u00d4TEL DES DEUX CLEFS<\/title>\n<meta name=\"robots\" content=\"index, follow, max-snippet:-1, max-image-preview:large, max-video-preview:-1\" \/>\n<link rel=\"canonical\" href=\"https:\/\/www.2clefs.com\/de\/entspannung\/\" \/>\n<meta property=\"og:locale\" content=\"de_DE\" \/>\n<meta property=\"og:type\" content=\"article\" \/>\n<meta property=\"og:title\" content=\"Entspannung &raquo; H\u00d4TEL DES DEUX CLEFS\" \/>\n<meta property=\"og:url\" content=\"https:\/\/www.2clefs.com\/de\/entspannung\/\" \/>\n<meta property=\"og:site_name\" content=\"H\u00d4TEL DES DEUX CLEFS\" \/>\n<meta property=\"article:modified_time\" content=\"2021-10-01T09:55:32+00:00\" \/>\n<meta name=\"twitter:card\" content=\"summary_large_image\" \/>\n<meta name=\"twitter:label1\" content=\"Gesch\u00e4tzte Lesezeit\" \/>\n\t<meta name=\"twitter:data1\" content=\"5\u00a0Minuten\" \/>\n<script type=\"application\/ld+json\" class=\"yoast-schema-graph\">{\"@context\":\"https:\/\/schema.org\",\"@graph\":[{\"@type\":\"WebPage\",\"@id\":\"https:\/\/www.2clefs.com\/de\/entspannung\/\",\"url\":\"https:\/\/www.2clefs.com\/de\/entspannung\/\",\"name\":\"Entspannung &raquo; H\u00d4TEL DES DEUX CLEFS\",\"isPartOf\":{\"@id\":\"https:\/\/www.2clefs.com\/de\/#website\"},\"datePublished\":\"2021-10-01T09:46:57+00:00\",\"dateModified\":\"2021-10-01T09:55:32+00:00\",\"breadcrumb\":{\"@id\":\"https:\/\/www.2clefs.com\/de\/entspannung\/#breadcrumb\"},\"inLanguage\":\"de\",\"potentialAction\":[{\"@type\":\"ReadAction\",\"target\":[\"https:\/\/www.2clefs.com\/de\/entspannung\/\"]}]},{\"@type\":\"BreadcrumbList\",\"@id\":\"https:\/\/www.2clefs.com\/de\/entspannung\/#breadcrumb\",\"itemListElement\":[{\"@type\":\"ListItem\",\"position\":1,\"name\":\"Willkommen\",\"item\":\"https:\/\/www.2clefs.com\/de\/\"},{\"@type\":\"ListItem\",\"position\":2,\"name\":\"Entspannung\"}]},{\"@type\":\"WebSite\",\"@id\":\"https:\/\/www.2clefs.com\/de\/#website\",\"url\":\"https:\/\/www.2clefs.com\/de\/\",\"name\":\"H\u00d4TEL DES DEUX CLEFS\",\"description\":\"H\u00f4tel de charme en Alsace\",\"potentialAction\":[{\"@type\":\"SearchAction\",\"target\":{\"@type\":\"EntryPoint\",\"urlTemplate\":\"https:\/\/www.2clefs.com\/de\/?s={search_term_string}\"},\"query-input\":\"required name=search_term_string\"}],\"inLanguage\":\"de\"}]}<\/script>\n<!-- \/ Yoast SEO plugin. -->","yoast_head_json":{"title":"Entspannung &raquo; H\u00d4TEL DES DEUX CLEFS","robots":{"index":"index","follow":"follow","max-snippet":"max-snippet:-1","max-image-preview":"max-image-preview:large","max-video-preview":"max-video-preview:-1"},"canonical":"https:\/\/www.2clefs.com\/de\/entspannung\/","og_locale":"de_DE","og_type":"article","og_title":"Entspannung &raquo; H\u00d4TEL DES DEUX CLEFS","og_url":"https:\/\/www.2clefs.com\/de\/entspannung\/","og_site_name":"H\u00d4TEL DES DEUX CLEFS","article_modified_time":"2021-10-01T09:55:32+00:00","twitter_card":"summary_large_image","twitter_misc":{"Gesch\u00e4tzte Lesezeit":"5\u00a0Minuten"},"schema":{"@context":"https:\/\/schema.org","@graph":[{"@type":"WebPage","@id":"https:\/\/www.2clefs.com\/de\/entspannung\/","url":"https:\/\/www.2clefs.com\/de\/entspannung\/","name":"Entspannung &raquo; H\u00d4TEL DES DEUX CLEFS","isPartOf":{"@id":"https:\/\/www.2clefs.com\/de\/#website"},"datePublished":"2021-10-01T09:46:57+00:00","dateModified":"2021-10-01T09:55:32+00:00","breadcrumb":{"@id":"https:\/\/www.2clefs.com\/de\/entspannung\/#breadcrumb"},"inLanguage":"de","potentialAction":[{"@type":"ReadAction","target":["https:\/\/www.2clefs.com\/de\/entspannung\/"]}]},{"@type":"BreadcrumbList","@id":"https:\/\/www.2clefs.com\/de\/entspannung\/#breadcrumb","itemListElement":[{"@type":"ListItem","position":1,"name":"Willkommen","item":"https:\/\/www.2clefs.com\/de\/"},{"@type":"ListItem","position":2,"name":"Entspannung"}]},{"@type":"WebSite","@id":"https:\/\/www.2clefs.com\/de\/#website","url":"https:\/\/www.2clefs.com\/de\/","name":"H\u00d4TEL DES DEUX CLEFS","description":"H\u00f4tel de charme en Alsace","potentialAction":[{"@type":"SearchAction","target":{"@type":"EntryPoint","urlTemplate":"https:\/\/www.2clefs.com\/de\/?s={search_term_string}"},"query-input":"required name=search_term_string"}],"inLanguage":"de"}]}},"_links":{"self":[{"href":"https:\/\/www.2clefs.com\/de\/wp-json\/wp\/v2\/pages\/4733"}],"collection":[{"href":"https:\/\/www.2clefs.com\/de\/wp-json\/wp\/v2\/pages"}],"about":[{"href":"https:\/\/www.2clefs.com\/de\/wp-json\/wp\/v2\/types\/page"}],"author":[{"embeddable":true,"href":"https:\/\/www.2clefs.com\/de\/wp-json\/wp\/v2\/users\/1"}],"replies":[{"embeddable":true,"href":"https:\/\/www.2clefs.com\/de\/wp-json\/wp\/v2\/comments?post=4733"}],"version-history":[{"count":6,"href":"https:\/\/www.2clefs.com\/de\/wp-json\/wp\/v2\/pages\/4733\/revisions"}],"predecessor-version":[{"id":4746,"href":"https:\/\/www.2clefs.com\/de\/wp-json\/wp\/v2\/pages\/4733\/revisions\/4746"}],"wp:attachment":[{"href":"https:\/\/www.2clefs.com\/de\/wp-json\/wp\/v2\/media?parent=4733"}],"curies":[{"name":"wp","href":"https:\/\/api.w.org\/{rel}","templated":true}]}}