{"id":5155,"date":"2021-10-09T18:39:05","date_gmt":"2021-10-09T16:39:05","guid":{"rendered":"https:\/\/www.2clefs.com\/?page_id=5155"},"modified":"2021-10-09T18:47:34","modified_gmt":"2021-10-09T16:47:34","slug":"legal-notices","status":"publish","type":"page","link":"https:\/\/www.2clefs.com\/en\/legal-notices\/","title":{"rendered":"Legal Notices"},"content":{"rendered":"<p><div class=\"fusion-fullwidth fullwidth-box fusion-builder-row-1 fusion-flex-container hundred-percent-fullwidth non-hundred-percent-height-scrolling fusion-no-small-visibility\" style=\"--awb-border-radius-top-left:0px;--awb-border-radius-top-right:0px;--awb-border-radius-bottom-right:0px;--awb-border-radius-bottom-left:0px;--awb-padding-top:10px;--awb-padding-bottom:10px;--awb-background-color:#000000;\" ><div class=\"fusion-builder-row fusion-row fusion-flex-align-items-flex-start\" style=\"width:104% !important;max-width:104% !important;margin-left: calc(-4% \/ 2 );margin-right: calc(-4% \/ 2 );\"><div class=\"fusion-layout-column fusion_builder_column fusion-builder-column-0 fusion_builder_column_1_1 1_1 fusion-flex-column\" style=\"--awb-bg-size:cover;--awb-width-large:100%;--awb-spacing-right-large:1.92%;--awb-margin-bottom-large:0px;--awb-spacing-left-large:1.92%;--awb-width-medium:100%;--awb-order-medium:0;--awb-spacing-right-medium:1.92%;--awb-spacing-left-medium:1.92%;--awb-width-small:100%;--awb-order-small:0;--awb-spacing-right-small:1.92%;--awb-spacing-left-small:1.92%;\"><div class=\"fusion-column-wrapper fusion-column-has-shadow fusion-flex-justify-content-flex-start fusion-content-layout-column\"><div class=\"fusion-breadcrumbs awb-yoast-breadcrumbs fusion-breadcrumbs-1\" style=\"--awb-alignment:center;--awb-font-size:13px;--awb-text-color:#ffffff;text-align:center;\"><span><span><a href=\"https:\/\/www.2clefs.com\/en\/\">Home<\/a><\/span><\/span><\/div><\/div><\/div><\/div><\/div><div class=\"fusion-fullwidth fullwidth-box fusion-builder-row-2 fusion-flex-container nonhundred-percent-fullwidth non-hundred-percent-height-scrolling\" style=\"--link_hover_color: #ad272b;--link_color: #000000;--awb-border-radius-top-left:0px;--awb-border-radius-top-right:0px;--awb-border-radius-bottom-right:0px;--awb-border-radius-bottom-left:0px;--awb-padding-top:46px;\" ><div class=\"fusion-builder-row fusion-row fusion-flex-align-items-flex-start\" style=\"max-width:1216.8px;margin-left: calc(-4% \/ 2 );margin-right: calc(-4% \/ 2 );\"><div class=\"fusion-layout-column fusion_builder_column fusion-builder-column-1 fusion_builder_column_1_1 1_1 fusion-flex-column\" style=\"--awb-bg-size:cover;--awb-width-large:100%;--awb-spacing-right-large:1.92%;--awb-margin-bottom-large:0px;--awb-spacing-left-large:1.92%;--awb-width-medium:100%;--awb-order-medium:0;--awb-spacing-right-medium:1.92%;--awb-spacing-left-medium:1.92%;--awb-width-small:100%;--awb-order-small:0;--awb-spacing-right-small:1.92%;--awb-spacing-left-small:1.92%;\"><div class=\"fusion-column-wrapper fusion-column-has-shadow fusion-flex-justify-content-flex-start fusion-content-layout-column\"><div class=\"fusion-title title fusion-title-1 fusion-sep-none fusion-title-center fusion-title-text fusion-title-size-one\" style=\"--awb-font-size:25px;\"><h1 class=\"title-heading-center fusion-responsive-typography-calculated\" style=\"font-family:&quot;Raleway&quot;;font-style:normal;font-weight:500;margin:0;font-size:1em;letter-spacing:3px;--fontSize:25;line-height:1.12;\">LEGAL NOTICES<\/h1><\/div><div class=\"fusion-separator\" style=\"align-self: center;margin-left: auto;margin-right: auto;margin-bottom:0px;width:100%;max-width:10%;\"><div class=\"fusion-separator-border sep-single sep-solid\" style=\"border-color:#ad272b;border-top-width:1px;\"><\/div><\/div><\/div><\/div><\/div><\/div><div class=\"fusion-fullwidth fullwidth-box fusion-builder-row-3 fusion-flex-container nonhundred-percent-fullwidth non-hundred-percent-height-scrolling\" style=\"--awb-border-radius-top-left:0px;--awb-border-radius-top-right:0px;--awb-border-radius-bottom-right:0px;--awb-border-radius-bottom-left:0px;--awb-padding-right-medium:7px;--awb-padding-left-medium:7px;--awb-padding-right-small:7px;--awb-padding-left-small:7px;--awb-margin-bottom:50px;\" ><div class=\"fusion-builder-row fusion-row fusion-flex-align-items-center\" style=\"max-width:1216.8px;margin-left: calc(-4% \/ 2 );margin-right: calc(-4% \/ 2 );\"><div class=\"fusion-layout-column fusion_builder_column fusion-builder-column-2 fusion_builder_column_1_1 1_1 fusion-flex-column fusion-flex-align-self-stretch\" style=\"--awb-padding-top:30px;--awb-padding-right:30px;--awb-padding-bottom:30px;--awb-padding-left:30px;--awb-padding-bottom-medium:8px;--awb-padding-right-small:10px;--awb-padding-bottom-small:0px;--awb-padding-left-small:10px;--awb-bg-size:cover;--awb-width-large:100%;--awb-spacing-right-large:1.92%;--awb-margin-bottom-large:0px;--awb-spacing-left-large:1.92%;--awb-width-medium:100%;--awb-order-medium:0;--awb-spacing-right-medium:1.92%;--awb-spacing-left-medium:1.92%;--awb-width-small:100%;--awb-order-small:0;--awb-spacing-right-small:0%;--awb-spacing-left-small:0%;\"><div class=\"fusion-column-wrapper fusion-column-has-shadow fusion-flex-justify-content-flex-start fusion-content-layout-column\"><div class=\"fusion-title title fusion-title-2 fusion-sep-none fusion-title-text fusion-title-size-two\" style=\"--awb-text-color:#ad272b;--awb-font-size:24px;\"><h2 class=\"title-heading-left fusion-responsive-typography-calculated\" style=\"font-family:&quot;Alice&quot;;margin:0;font-size:1em;letter-spacing:2px;--fontSize:24;line-height:1.67;\">1. Introduction<\/h2><\/div><div class=\"fusion-text fusion-text-1\" style=\"--awb-font-size:15px;--awb-letter-spacing:1px;--awb-text-color:#000000;--awb-text-font-family:&quot;Alice&quot;;\"><p>Vous \u00eates actuellement connect\u00e9 au site &#8220;www.2clefs.com&#8221;, \u00e9dit\u00e9 par:<\/p>\n<\/div><\/div><\/div><div class=\"fusion-layout-column fusion_builder_column fusion-builder-column-3 fusion_builder_column_1_1 1_1 fusion-flex-column fusion-flex-align-self-stretch\" style=\"--awb-padding-top:10px;--awb-padding-right:30px;--awb-padding-left:29px;--awb-padding-top-medium:10px;--awb-padding-top-small:10px;--awb-bg-size:cover;--awb-border-color:#ad272b;--awb-border-left:1px;--awb-border-style:solid;--awb-width-large:100%;--awb-spacing-right-large:1.92%;--awb-margin-bottom-large:0px;--awb-spacing-left-large:4.8%;--awb-width-medium:100%;--awb-order-medium:0;--awb-spacing-right-medium:1.92%;--awb-spacing-left-medium:5.76%;--awb-width-small:100%;--awb-order-small:0;--awb-spacing-right-small:1.92%;--awb-spacing-left-small:5.76%;\"><div class=\"fusion-column-wrapper fusion-column-has-shadow fusion-flex-justify-content-flex-start fusion-content-layout-column\"><div class=\"fusion-text fusion-text-2\" style=\"--awb-font-size:15px;--awb-line-height:25px;--awb-letter-spacing:1px;--awb-text-color:#000000;--awb-text-font-family:&quot;Alice&quot;;--awb-text-font-style:normal;--awb-text-font-weight:400;\"><p>SARL HOTEL DES 2 CLEFS<br \/>3 rue du Conseil &#8211; 68230 Turckheim<br \/>T\u00e9l\u00e9phone : +33 (0)3 89 27 06 01<br \/>Email : reservation@2clefs.com<br \/>RCS : Colmar B 314 490 830<br \/>TVA : FR 62 314490830<br \/>Assurance responsabilit\u00e9 professionnelle :<br \/>Capital social : 72 500,00 \u20ac<br \/>Publication : Abdelghani ROCHDI<\/p>\n<\/div><\/div><\/div><div class=\"fusion-layout-column fusion_builder_column fusion-builder-column-4 fusion_builder_column_1_1 1_1 fusion-flex-column fusion-flex-align-self-stretch\" style=\"--awb-padding-top:30px;--awb-padding-right:30px;--awb-padding-bottom:7px;--awb-padding-left:30px;--awb-padding-bottom-small:0px;--awb-bg-size:cover;--awb-width-large:100%;--awb-spacing-right-large:1.92%;--awb-margin-bottom-large:0px;--awb-spacing-left-large:1.92%;--awb-width-medium:100%;--awb-order-medium:0;--awb-spacing-right-medium:1.92%;--awb-spacing-left-medium:1.92%;--awb-width-small:100%;--awb-order-small:0;--awb-spacing-right-small:1.92%;--awb-spacing-left-small:1.92%;\"><div class=\"fusion-column-wrapper fusion-column-has-shadow fusion-flex-justify-content-flex-start fusion-content-layout-column\"><div class=\"fusion-text fusion-text-3\" style=\"--awb-font-size:15px;--awb-letter-spacing:1px;--awb-text-color:#000000;--awb-text-font-family:&quot;Alice&quot;;\"><p>H\u00e9bergement :<\/p>\n<\/div><\/div><\/div><div class=\"fusion-layout-column fusion_builder_column fusion-builder-column-5 fusion_builder_column_1_1 1_1 fusion-flex-column fusion-flex-align-self-stretch\" style=\"--awb-padding-top:10px;--awb-padding-right:30px;--awb-padding-left:29px;--awb-padding-top-medium:10px;--awb-padding-top-small:10px;--awb-bg-size:cover;--awb-border-color:#ad272b;--awb-border-left:1px;--awb-border-style:solid;--awb-width-large:100%;--awb-spacing-right-large:1.92%;--awb-margin-bottom-large:0px;--awb-spacing-left-large:4.8%;--awb-width-medium:100%;--awb-order-medium:0;--awb-spacing-right-medium:1.92%;--awb-spacing-left-medium:5.76%;--awb-width-small:100%;--awb-order-small:0;--awb-spacing-right-small:1.92%;--awb-spacing-left-small:5.76%;\"><div class=\"fusion-column-wrapper fusion-column-has-shadow fusion-flex-justify-content-flex-start fusion-content-layout-column\"><div class=\"fusion-text fusion-text-4\" style=\"--awb-font-size:15px;--awb-line-height:25px;--awb-letter-spacing:1px;--awb-text-color:#000000;--awb-text-font-family:&quot;Alice&quot;;--awb-text-font-style:normal;--awb-text-font-weight:400;\"><p>OVH<br \/>\n2 rue Kellermann \u2013 59100 Roubaix<br \/>\nT\u00e9l : +33 9 72 10 10 07<\/p>\n<p>Vous pouvez retrouver leur politique de confidentialit\u00e9 :\u00a0<a href=\"https:\/\/www.ovh.com\/fr\/protection-donnees-personnelles\/\" target=\"_blank\" rel=\"noopener noreferrer\">ici<\/a><\/p>\n<\/div><\/div><\/div><div class=\"fusion-layout-column fusion_builder_column fusion-builder-column-6 fusion_builder_column_1_1 1_1 fusion-flex-column fusion-flex-align-self-stretch\" style=\"--awb-padding-top:30px;--awb-padding-right:30px;--awb-padding-bottom:7px;--awb-padding-left:30px;--awb-padding-bottom-medium:18px;--awb-padding-bottom-small:0px;--awb-bg-size:cover;--awb-width-large:100%;--awb-spacing-right-large:1.92%;--awb-margin-bottom-large:0px;--awb-spacing-left-large:1.92%;--awb-width-medium:100%;--awb-order-medium:0;--awb-spacing-right-medium:1.92%;--awb-spacing-left-medium:1.92%;--awb-width-small:100%;--awb-order-small:0;--awb-spacing-right-small:1.92%;--awb-spacing-left-small:1.92%;\"><div class=\"fusion-column-wrapper fusion-column-has-shadow fusion-flex-justify-content-flex-start fusion-content-layout-column\"><div class=\"fusion-text fusion-text-5\" style=\"--awb-font-size:15px;--awb-letter-spacing:1px;--awb-text-color:#000000;--awb-text-font-family:&quot;Alice&quot;;\"><p>La M\u00e9diation du Commerce Coop\u00e9ratif et Associ\u00e9 :<\/p>\n<\/div><\/div><\/div><div class=\"fusion-layout-column fusion_builder_column fusion-builder-column-7 fusion_builder_column_1_1 1_1 fusion-flex-column fusion-flex-align-self-stretch\" style=\"--awb-padding-top:10px;--awb-padding-right:30px;--awb-padding-left:29px;--awb-padding-top-medium:10px;--awb-padding-top-small:10px;--awb-bg-size:cover;--awb-border-color:#ad272b;--awb-border-left:1px;--awb-border-style:solid;--awb-width-large:100%;--awb-spacing-right-large:1.92%;--awb-margin-bottom-large:0px;--awb-spacing-left-large:4.8%;--awb-width-medium:100%;--awb-order-medium:0;--awb-spacing-right-medium:1.92%;--awb-spacing-left-medium:5.76%;--awb-width-small:100%;--awb-order-small:0;--awb-spacing-right-small:1.92%;--awb-spacing-left-small:5.76%;\"><div class=\"fusion-column-wrapper fusion-column-has-shadow fusion-flex-justify-content-flex-start fusion-content-layout-column\"><div class=\"fusion-text fusion-text-6\" style=\"--awb-font-size:15px;--awb-line-height:25px;--awb-letter-spacing:1px;--awb-text-color:#000000;--awb-text-font-family:&quot;Alice&quot;;\"><p>F\u00e9d\u00e9ration du Commerce Coop\u00e9ratif et Associ\u00e9 (FCA)<br \/>77, rue de Lourmel &#8211; 75015 Paris<br \/>T\u00e9l\u00e9phone : 01 44 37 02 00<br \/><a style=\"color: #ad272b;\" href=\"http:\/\/www.commerce-associe.fr\/\" target=\"_blank\" rel=\"noopener\">www.commerce-associe.fr<\/a><\/p>\n<\/div><\/div><\/div><div class=\"fusion-layout-column fusion_builder_column fusion-builder-column-8 fusion_builder_column_1_1 1_1 fusion-flex-column fusion-flex-align-self-stretch\" style=\"--awb-padding-top:30px;--awb-padding-right:30px;--awb-padding-bottom:30px;--awb-padding-left:30px;--awb-padding-right-small:10px;--awb-padding-left-small:10px;--awb-bg-size:cover;--awb-width-large:100%;--awb-spacing-right-large:1.92%;--awb-margin-bottom-large:0px;--awb-spacing-left-large:1.92%;--awb-width-medium:100%;--awb-order-medium:0;--awb-spacing-right-medium:1.92%;--awb-spacing-left-medium:1.92%;--awb-width-small:100%;--awb-order-small:0;--awb-spacing-right-small:1.92%;--awb-spacing-left-small:1.92%;\"><div class=\"fusion-column-wrapper fusion-column-has-shadow fusion-flex-justify-content-flex-start fusion-content-layout-column\"><div class=\"fusion-title title fusion-title-3 fusion-sep-none fusion-title-text fusion-title-size-two\" style=\"--awb-text-color:#ad272b;--awb-font-size:24px;\"><h2 class=\"title-heading-left fusion-responsive-typography-calculated\" style=\"font-family:&quot;Alice&quot;;margin:0;font-size:1em;letter-spacing:2px;--fontSize:24;line-height:1.67;\">2. Technical information<\/h2><\/div><div class=\"fusion-text fusion-text-7\" style=\"--awb-font-size:15px;--awb-letter-spacing:1px;--awb-text-color:#000000;--awb-text-font-family:&quot;Alice&quot;;\"><div style=\"text-align: justify;\">We remind you that the secrecy of correspondence via the Internet cannot be guaranteed and that it is up to each Internet user to take all the appropriate measures to protect his\/her data and software from all possible contamination by any virus circulating on the Internet.<\/div>\n<\/div><\/div><\/div><div class=\"fusion-layout-column fusion_builder_column fusion-builder-column-9 fusion_builder_column_1_1 1_1 fusion-flex-column fusion-flex-align-self-stretch\" style=\"--awb-padding-top:30px;--awb-padding-right:30px;--awb-padding-bottom:30px;--awb-padding-left:30px;--awb-padding-right-small:10px;--awb-padding-left-small:10px;--awb-bg-size:cover;--awb-width-large:100%;--awb-spacing-right-large:1.92%;--awb-margin-bottom-large:0px;--awb-spacing-left-large:1.92%;--awb-width-medium:100%;--awb-order-medium:0;--awb-spacing-right-medium:1.92%;--awb-spacing-left-medium:1.92%;--awb-width-small:100%;--awb-order-small:0;--awb-spacing-right-small:1.92%;--awb-spacing-left-small:1.92%;\"><div class=\"fusion-column-wrapper fusion-column-has-shadow fusion-flex-justify-content-flex-start fusion-content-layout-column\"><div class=\"fusion-title title fusion-title-4 fusion-sep-none fusion-title-text fusion-title-size-two\" style=\"--awb-text-color:#ad272b;--awb-font-size:24px;\"><h2 class=\"title-heading-left fusion-responsive-typography-calculated\" style=\"font-family:&quot;Alice&quot;;margin:0;font-size:1em;letter-spacing:2px;--fontSize:24;line-height:1.67;\">3. Editorial Charter<\/h2><\/div><div class=\"fusion-text fusion-text-8\" style=\"--awb-font-size:15px;--awb-letter-spacing:1px;--awb-text-color:#000000;--awb-text-font-family:&quot;Alice&quot;;\"><div style=\"text-align: justify;\">The purpose of &#8220;www.deuxclefs.com&#8221; is to present products and services provided by HOTEL DES 2 CLEFS. It is completed with simulation tools.<br \/>The data provided on this site is for information only.<\/div>\n<\/div><\/div><\/div><div class=\"fusion-layout-column fusion_builder_column fusion-builder-column-10 fusion_builder_column_1_1 1_1 fusion-flex-column fusion-flex-align-self-stretch\" style=\"--awb-padding-top:30px;--awb-padding-right:30px;--awb-padding-left:30px;--awb-padding-top-small:0px;--awb-padding-right-small:10px;--awb-padding-left-small:10px;--awb-bg-size:cover;--awb-width-large:100%;--awb-spacing-right-large:1.92%;--awb-margin-bottom-large:0px;--awb-spacing-left-large:1.92%;--awb-width-medium:100%;--awb-order-medium:0;--awb-spacing-right-medium:1.92%;--awb-spacing-left-medium:1.92%;--awb-width-small:100%;--awb-order-small:0;--awb-spacing-right-small:1.92%;--awb-spacing-left-small:1.92%;\"><div class=\"fusion-column-wrapper fusion-column-has-shadow fusion-flex-justify-content-flex-start fusion-content-layout-column\"><div class=\"fusion-title title fusion-title-5 fusion-sep-none fusion-title-text fusion-title-size-two\" style=\"--awb-text-color:#ad272b;--awb-font-size:24px;\"><h2 class=\"title-heading-left fusion-responsive-typography-calculated\" style=\"font-family:&quot;Alice&quot;;margin:0;font-size:1em;letter-spacing:2px;--fontSize:24;line-height:1.67;\">4. Personal Data<\/h2><\/div><div class=\"fusion-text fusion-text-9\" style=\"--awb-font-size:15px;--awb-letter-spacing:1px;--awb-text-color:#000000;--awb-text-font-family:&quot;Alice&quot;;\"><div style=\"text-align: justify;\">Data entered on this website will be stored by HOTEL DES 2 CLEFS, it will be analysed and transferred to the relevant departments for treatment. You have a right to access, modify, rectify or delete any data about you collected on this website, under the conditions laid out in Article 31 of the French Data Protection Act of 6 January 1978 as amended. To exercise this right, please contact the site manager by post at the following address:<\/div>\n<div>\u00a0<\/div>\n<\/div><\/div><\/div><div class=\"fusion-layout-column fusion_builder_column fusion-builder-column-11 fusion_builder_column_1_1 1_1 fusion-flex-column fusion-flex-align-self-center\" style=\"--awb-padding-top:20px;--awb-padding-right:30px;--awb-padding-left:29px;--awb-padding-top-medium:10px;--awb-padding-top-small:10px;--awb-bg-size:cover;--awb-border-color:#ad272b;--awb-border-left:1px;--awb-border-style:solid;--awb-width-large:100%;--awb-margin-top-large:10px;--awb-spacing-right-large:1.92%;--awb-margin-bottom-large:0px;--awb-spacing-left-large:4.8%;--awb-width-medium:100%;--awb-order-medium:0;--awb-spacing-right-medium:1.92%;--awb-spacing-left-medium:5.76%;--awb-width-small:100%;--awb-order-small:0;--awb-spacing-right-small:1.92%;--awb-spacing-left-small:5.76%;\"><div class=\"fusion-column-wrapper fusion-column-has-shadow fusion-flex-justify-content-flex-start fusion-content-layout-column\"><div class=\"fusion-text fusion-text-10\" style=\"--awb-font-size:15px;--awb-line-height:25px;--awb-letter-spacing:1px;--awb-text-color:#000000;--awb-text-font-family:&quot;Alice&quot;;\"><p>HOTEL DES 2 CLEFS<br \/>3 rue du Conseil<br \/>68230 Turckheim<\/p>\n<\/div><\/div><\/div><div class=\"fusion-layout-column fusion_builder_column fusion-builder-column-12 fusion_builder_column_1_1 1_1 fusion-flex-column fusion-flex-align-self-stretch\" style=\"--awb-padding-top:30px;--awb-padding-right:30px;--awb-padding-left:30px;--awb-padding-right-small:10px;--awb-padding-left-small:10px;--awb-bg-size:cover;--awb-width-large:100%;--awb-spacing-right-large:1.92%;--awb-margin-bottom-large:0px;--awb-spacing-left-large:1.92%;--awb-width-medium:100%;--awb-order-medium:0;--awb-spacing-right-medium:1.92%;--awb-spacing-left-medium:1.92%;--awb-width-small:100%;--awb-order-small:0;--awb-spacing-right-small:1.92%;--awb-spacing-left-small:1.92%;\"><div class=\"fusion-column-wrapper fusion-column-has-shadow fusion-flex-justify-content-flex-start fusion-content-layout-column\"><div class=\"fusion-title title fusion-title-6 fusion-sep-none fusion-title-text fusion-title-size-two\" style=\"--awb-text-color:#ad272b;--awb-font-size:24px;\"><h2 class=\"title-heading-left fusion-responsive-typography-calculated\" style=\"font-family:&quot;Alice&quot;;margin:0;font-size:1em;letter-spacing:2px;--fontSize:24;line-height:1.67;\">5. Hypertext links<\/h2><\/div><div class=\"fusion-text fusion-text-11\" style=\"--awb-font-size:15px;--awb-letter-spacing:1px;--awb-text-color:#000000;--awb-text-font-family:&quot;Alice&quot;;\"><div style=\"text-align: justify;\">To create a reciprocal link to &#8220;www.deuxclefs.com&#8221; it is advised to submit your demand for prior consent of the publications manager.<br \/>\nIn no circumstances can the responsibility of &#8220;www.deuxclefs.com&#8221; , be bound by any hypertext links made from HOTEL DES 2 CLEFS.<\/div>\n<\/div><\/div><\/div><div class=\"fusion-layout-column fusion_builder_column fusion-builder-column-13 fusion_builder_column_1_1 1_1 fusion-flex-column fusion-flex-align-self-stretch\" style=\"--awb-padding-top:30px;--awb-padding-right:30px;--awb-padding-left:30px;--awb-padding-right-small:10px;--awb-padding-left-small:10px;--awb-bg-size:cover;--awb-width-large:100%;--awb-spacing-right-large:1.92%;--awb-margin-bottom-large:0px;--awb-spacing-left-large:1.92%;--awb-width-medium:100%;--awb-order-medium:0;--awb-spacing-right-medium:1.92%;--awb-spacing-left-medium:1.92%;--awb-width-small:100%;--awb-order-small:0;--awb-spacing-right-small:1.92%;--awb-spacing-left-small:1.92%;\"><div class=\"fusion-column-wrapper fusion-column-has-shadow fusion-flex-justify-content-flex-start fusion-content-layout-column\"><div class=\"fusion-title title fusion-title-7 fusion-sep-none fusion-title-text fusion-title-size-two\" style=\"--awb-text-color:#ad272b;--awb-font-size:24px;\"><h2 class=\"title-heading-left fusion-responsive-typography-calculated\" style=\"font-family:&quot;Alice&quot;;margin:0;font-size:1em;letter-spacing:2px;--fontSize:24;line-height:1.67;\">6. Copyright<\/h2><\/div><div class=\"fusion-text fusion-text-12\" style=\"--awb-font-size:15px;--awb-letter-spacing:1px;--awb-text-color:#000000;--awb-text-font-family:&quot;Alice&quot;;\"><div style=\"text-align: justify;\">The complete or partial reproduction or representation of the pages, data or any other element making up this site, by any process or medium whatsoever, is not permitted and constitutes and infringement without the prior autorisation of the publisher.<\/div>\n<\/div><\/div><\/div><\/div><\/div><\/p>\n","protected":false},"excerpt":{"rendered":"","protected":false},"author":1,"featured_media":0,"parent":0,"menu_order":0,"comment_status":"closed","ping_status":"closed","template":"100-width.php","meta":[],"yoast_head":"<!-- This site is optimized with the Yoast SEO plugin v21.1 - https:\/\/yoast.com\/wordpress\/plugins\/seo\/ -->\n<title>Legal Notices &raquo; H\u00d4TEL DES DEUX CLEFS<\/title>\n<meta name=\"robots\" content=\"index, follow, max-snippet:-1, max-image-preview:large, max-video-preview:-1\" \/>\n<link rel=\"canonical\" href=\"https:\/\/www.2clefs.com\/en\/legal-notices\/\" \/>\n<meta property=\"og:locale\" content=\"en_US\" \/>\n<meta property=\"og:type\" content=\"article\" \/>\n<meta property=\"og:title\" content=\"Legal Notices &raquo; H\u00d4TEL DES DEUX CLEFS\" \/>\n<meta property=\"og:url\" content=\"https:\/\/www.2clefs.com\/en\/legal-notices\/\" \/>\n<meta property=\"og:site_name\" content=\"H\u00d4TEL DES DEUX CLEFS\" \/>\n<meta property=\"article:modified_time\" content=\"2021-10-09T16:47:34+00:00\" \/>\n<meta name=\"twitter:card\" content=\"summary_large_image\" \/>\n<meta name=\"twitter:label1\" content=\"Est. reading time\" \/>\n\t<meta name=\"twitter:data1\" content=\"31 minutes\" \/>\n<script type=\"application\/ld+json\" class=\"yoast-schema-graph\">{\"@context\":\"https:\/\/schema.org\",\"@graph\":[{\"@type\":\"WebPage\",\"@id\":\"https:\/\/www.2clefs.com\/en\/legal-notices\/\",\"url\":\"https:\/\/www.2clefs.com\/en\/legal-notices\/\",\"name\":\"Legal Notices &raquo; H\u00d4TEL DES DEUX CLEFS\",\"isPartOf\":{\"@id\":\"https:\/\/www.2clefs.com\/en\/#website\"},\"datePublished\":\"2021-10-09T16:39:05+00:00\",\"dateModified\":\"2021-10-09T16:47:34+00:00\",\"breadcrumb\":{\"@id\":\"https:\/\/www.2clefs.com\/en\/legal-notices\/#breadcrumb\"},\"inLanguage\":\"en-US\",\"potentialAction\":[{\"@type\":\"ReadAction\",\"target\":[\"https:\/\/www.2clefs.com\/en\/legal-notices\/\"]}]},{\"@type\":\"BreadcrumbList\",\"@id\":\"https:\/\/www.2clefs.com\/en\/legal-notices\/#breadcrumb\",\"itemListElement\":[{\"@type\":\"ListItem\",\"position\":1,\"name\":\"Home\",\"item\":\"https:\/\/www.2clefs.com\/en\/\"},{\"@type\":\"ListItem\",\"position\":2,\"name\":\"Legal Notices\"}]},{\"@type\":\"WebSite\",\"@id\":\"https:\/\/www.2clefs.com\/en\/#website\",\"url\":\"https:\/\/www.2clefs.com\/en\/\",\"name\":\"H\u00d4TEL DES DEUX CLEFS\",\"description\":\"H\u00f4tel de charme en Alsace\",\"potentialAction\":[{\"@type\":\"SearchAction\",\"target\":{\"@type\":\"EntryPoint\",\"urlTemplate\":\"https:\/\/www.2clefs.com\/en\/?s={search_term_string}\"},\"query-input\":\"required name=search_term_string\"}],\"inLanguage\":\"en-US\"}]}<\/script>\n<!-- \/ Yoast SEO plugin. -->","yoast_head_json":{"title":"Legal Notices &raquo; H\u00d4TEL DES DEUX CLEFS","robots":{"index":"index","follow":"follow","max-snippet":"max-snippet:-1","max-image-preview":"max-image-preview:large","max-video-preview":"max-video-preview:-1"},"canonical":"https:\/\/www.2clefs.com\/en\/legal-notices\/","og_locale":"en_US","og_type":"article","og_title":"Legal Notices &raquo; H\u00d4TEL DES DEUX CLEFS","og_url":"https:\/\/www.2clefs.com\/en\/legal-notices\/","og_site_name":"H\u00d4TEL DES DEUX CLEFS","article_modified_time":"2021-10-09T16:47:34+00:00","twitter_card":"summary_large_image","twitter_misc":{"Est. reading time":"31 minutes"},"schema":{"@context":"https:\/\/schema.org","@graph":[{"@type":"WebPage","@id":"https:\/\/www.2clefs.com\/en\/legal-notices\/","url":"https:\/\/www.2clefs.com\/en\/legal-notices\/","name":"Legal Notices &raquo; H\u00d4TEL DES DEUX CLEFS","isPartOf":{"@id":"https:\/\/www.2clefs.com\/en\/#website"},"datePublished":"2021-10-09T16:39:05+00:00","dateModified":"2021-10-09T16:47:34+00:00","breadcrumb":{"@id":"https:\/\/www.2clefs.com\/en\/legal-notices\/#breadcrumb"},"inLanguage":"en-US","potentialAction":[{"@type":"ReadAction","target":["https:\/\/www.2clefs.com\/en\/legal-notices\/"]}]},{"@type":"BreadcrumbList","@id":"https:\/\/www.2clefs.com\/en\/legal-notices\/#breadcrumb","itemListElement":[{"@type":"ListItem","position":1,"name":"Home","item":"https:\/\/www.2clefs.com\/en\/"},{"@type":"ListItem","position":2,"name":"Legal Notices"}]},{"@type":"WebSite","@id":"https:\/\/www.2clefs.com\/en\/#website","url":"https:\/\/www.2clefs.com\/en\/","name":"H\u00d4TEL DES DEUX CLEFS","description":"H\u00f4tel de charme en Alsace","potentialAction":[{"@type":"SearchAction","target":{"@type":"EntryPoint","urlTemplate":"https:\/\/www.2clefs.com\/en\/?s={search_term_string}"},"query-input":"required name=search_term_string"}],"inLanguage":"en-US"}]}},"_links":{"self":[{"href":"https:\/\/www.2clefs.com\/en\/wp-json\/wp\/v2\/pages\/5155"}],"collection":[{"href":"https:\/\/www.2clefs.com\/en\/wp-json\/wp\/v2\/pages"}],"about":[{"href":"https:\/\/www.2clefs.com\/en\/wp-json\/wp\/v2\/types\/page"}],"author":[{"embeddable":true,"href":"https:\/\/www.2clefs.com\/en\/wp-json\/wp\/v2\/users\/1"}],"replies":[{"embeddable":true,"href":"https:\/\/www.2clefs.com\/en\/wp-json\/wp\/v2\/comments?post=5155"}],"version-history":[{"count":4,"href":"https:\/\/www.2clefs.com\/en\/wp-json\/wp\/v2\/pages\/5155\/revisions"}],"predecessor-version":[{"id":5160,"href":"https:\/\/www.2clefs.com\/en\/wp-json\/wp\/v2\/pages\/5155\/revisions\/5160"}],"wp:attachment":[{"href":"https:\/\/www.2clefs.com\/en\/wp-json\/wp\/v2\/media?parent=5155"}],"curies":[{"name":"wp","href":"https:\/\/api.w.org\/{rel}","templated":true}]}}